{"id":2321,"date":"2019-08-01T11:26:17","date_gmt":"2019-08-01T11:26:17","guid":{"rendered":"https:\/\/ekimenzentroa.com\/tratamientos\/"},"modified":"2024-07-05T10:11:16","modified_gmt":"2024-07-05T10:11:16","slug":"tratamendua","status":"publish","type":"page","link":"https:\/\/ekimenzentroa.com\/eu\/tratamendua\/","title":{"rendered":"Tratamenduak"},"content":{"rendered":"<p>[et_pb_section fb_built=&#8221;1&#8243; admin_label=&#8221;Features&#8221; _builder_version=&#8221;4.16&#8243; background_image=&#8221;https:\/\/ekimenzentroa.com\/wp-content\/uploads\/2019\/10\/massage-20.jpg&#8221; background_size=&#8221;contain&#8221; background_position=&#8221;bottom_right&#8221; custom_padding=&#8221;10px||62px|||&#8221; global_colors_info=&#8221;{}&#8221;][et_pb_row _builder_version=&#8221;4.16&#8243; custom_margin=&#8221;24px|auto||auto||&#8221; custom_padding=&#8221;51px||10px|||&#8221; global_colors_info=&#8221;{}&#8221;][et_pb_column type=&#8221;4_4&#8243; _builder_version=&#8221;4.16&#8243; global_colors_info=&#8221;{}&#8221;][et_pb_text _builder_version=&#8221;4.16&#8243; header_2_font=&#8221;Roboto|300|||||||&#8221; header_2_font_size=&#8221;70px&#8221; header_2_letter_spacing=&#8221;3px&#8221; header_2_line_height=&#8221;1.2em&#8221; text_orientation=&#8221;center&#8221; max_width=&#8221;800px&#8221; module_alignment=&#8221;center&#8221; custom_margin=&#8221;||7px|||&#8221; header_2_font_size_tablet=&#8221;38px&#8221; header_2_font_size_phone=&#8221;26px&#8221; header_2_font_size_last_edited=&#8221;on|tablet&#8221; header_2_letter_spacing_tablet=&#8221;1px&#8221; header_2_letter_spacing_phone=&#8221;0px&#8221; header_2_letter_spacing_last_edited=&#8221;on|desktop&#8221; text_text_align=&#8221;center&#8221; locked=&#8221;off&#8221; global_colors_info=&#8221;{}&#8221;]<\/p>\n<h2>TRATAMENDUAK<\/h2>\n<p>[\/et_pb_text][et_pb_divider color=&#8221;#00b1c1&#8243; divider_weight=&#8221;3px&#8221; _builder_version=&#8221;4.16&#8243; width=&#8221;63px&#8221; module_alignment=&#8221;center&#8221; custom_margin=&#8221;||0px|0px|false|false&#8221; locked=&#8221;off&#8221; global_colors_info=&#8221;{}&#8221;][\/et_pb_divider][\/et_pb_column][\/et_pb_row][et_pb_row column_structure=&#8221;1_4,1_4,1_4,1_4&#8243; _builder_version=&#8221;4.16&#8243; global_colors_info=&#8221;{}&#8221;][et_pb_column type=&#8221;1_4&#8243; _builder_version=&#8221;4.16&#8243; global_colors_info=&#8221;{}&#8221;][et_pb_blurb title=&#8221;Fisioterapia&#8221; url=&#8221;https:\/\/ekimenzentroa.com\/fisioterapia\/?lang=eu&#8221; image=&#8221;https:\/\/ekimenzentroa.com\/wp-content\/uploads\/2019\/10\/Ekimen7.png&#8221; _builder_version=&#8221;4.16&#8243; header_font=&#8221;Roboto||||||||&#8221; header_text_color=&#8221;#000000&#8243; header_font_size=&#8221;19px&#8221; header_line_height=&#8221;1.4em&#8221; body_font=&#8221;Abel||||||||&#8221; body_font_size=&#8221;15px&#8221; background_color=&#8221;#ffffff&#8221; background_color_gradient_direction=&#8221;160deg&#8221; text_orientation=&#8221;center&#8221; custom_margin_phone=&#8221;0px||||false|false&#8221; custom_margin_last_edited=&#8221;off|phone&#8221; custom_padding=&#8221;40px|20px|40px|20px|true|true&#8221; link_option_url=&#8221;https:\/\/ekimenzentroa.com\/fisioterapia\/?lang=eu&#8221; header_font_size_tablet=&#8221;20px&#8221; header_font_size_phone=&#8221;17px&#8221; header_font_size_last_edited=&#8221;on|phone&#8221; body_line_height_tablet=&#8221;&#8221; body_line_height_phone=&#8221;1.6em&#8221; body_line_height_last_edited=&#8221;on|phone&#8221; box_shadow_style=&#8221;preset1&#8243; box_shadow_vertical=&#8221;50px&#8221; box_shadow_blur=&#8221;80px&#8221; box_shadow_color=&#8221;rgba(12,2,2,0.1)&#8221; locked=&#8221;off&#8221; global_colors_info=&#8221;{}&#8221; transform_styles__hover_enabled=&#8221;on&#8221; transform_scale__hover_enabled=&#8221;on&#8221; transform_translate__hover_enabled=&#8221;on&#8221; transform_rotate__hover_enabled=&#8221;on&#8221; transform_skew__hover_enabled=&#8221;on&#8221; transform_origin__hover_enabled=&#8221;on&#8221; transform_scale__hover=&#8221;106%|106%&#8221;][\/et_pb_blurb][\/et_pb_column][et_pb_column type=&#8221;1_4&#8243; _builder_version=&#8221;4.16&#8243; global_colors_info=&#8221;{}&#8221;][et_pb_blurb title=&#8221;Kirol Fisioterapia&#8221; url=&#8221;https:\/\/ekimenzentroa.com\/kirol-fisioterapia\/?lang=eu&#8221; image=&#8221;https:\/\/ekimenzentroa.com\/wp-content\/uploads\/2019\/10\/Ekimen-8.png&#8221; _builder_version=&#8221;4.16&#8243; header_font=&#8221;Roboto||||||||&#8221; header_text_color=&#8221;#000000&#8243; header_font_size=&#8221;18px&#8221; header_line_height=&#8221;1.4em&#8221; body_font=&#8221;Abel||||||||&#8221; body_font_size=&#8221;15px&#8221; background_color=&#8221;#ffffff&#8221; background_color_gradient_direction=&#8221;160deg&#8221; text_orientation=&#8221;center&#8221; custom_margin_phone=&#8221;0px||||false|false&#8221; custom_margin_last_edited=&#8221;off|phone&#8221; custom_padding=&#8221;40px|20px|40px|20px|true|true&#8221; link_option_url=&#8221;https:\/\/ekimenzentroa.com\/kirol-fisioterapia\/?lang=eu&#8221; header_font_size_tablet=&#8221;20px&#8221; header_font_size_phone=&#8221;17px&#8221; header_font_size_last_edited=&#8221;on|phone&#8221; body_line_height_tablet=&#8221;&#8221; body_line_height_phone=&#8221;1.6em&#8221; body_line_height_last_edited=&#8221;on|phone&#8221; box_shadow_style=&#8221;preset1&#8243; box_shadow_vertical=&#8221;50px&#8221; box_shadow_blur=&#8221;80px&#8221; box_shadow_color=&#8221;rgba(12,2,2,0.1)&#8221; locked=&#8221;off&#8221; global_colors_info=&#8221;{}&#8221; transform_styles__hover_enabled=&#8221;on&#8221; transform_scale__hover=&#8221;106%|106%&#8221; transform_scale__hover_enabled=&#8221;on&#8221; transform_translate__hover_enabled=&#8221;on&#8221; transform_rotate__hover_enabled=&#8221;on&#8221; transform_skew__hover_enabled=&#8221;on&#8221; transform_origin__hover_enabled=&#8221;on&#8221;][\/et_pb_blurb][\/et_pb_column][et_pb_column type=&#8221;1_4&#8243; _builder_version=&#8221;4.16&#8243; global_colors_info=&#8221;{}&#8221;][et_pb_blurb title=&#8221;Osteopatia- Kraneosakrala&#8221; url=&#8221;https:\/\/ekimenzentroa.com\/osteopatia-craneosacral\/?lang=eu&#8221; image=&#8221;https:\/\/ekimenzentroa.com\/wp-content\/uploads\/2019\/10\/Ekimen-9.png&#8221; _builder_version=&#8221;4.16&#8243; header_font=&#8221;Roboto||||||||&#8221; header_text_color=&#8221;#000000&#8243; header_font_size=&#8221;18px&#8221; header_line_height=&#8221;1.4em&#8221; body_font=&#8221;Abel||||||||&#8221; body_font_size=&#8221;15px&#8221; background_color=&#8221;#ffffff&#8221; background_color_gradient_direction=&#8221;160deg&#8221; text_orientation=&#8221;center&#8221; custom_margin_phone=&#8221;0px||||false|false&#8221; custom_margin_last_edited=&#8221;off|phone&#8221; custom_padding=&#8221;40px|20px|40px|20px|true|true&#8221; link_option_url=&#8221;https:\/\/ekimenzentroa.com\/osteopatia-craneosacral\/?lang=eu&#8221; header_font_size_tablet=&#8221;20px&#8221; header_font_size_phone=&#8221;17px&#8221; header_font_size_last_edited=&#8221;on|phone&#8221; body_line_height_tablet=&#8221;&#8221; body_line_height_phone=&#8221;1.6em&#8221; body_line_height_last_edited=&#8221;on|phone&#8221; box_shadow_style=&#8221;preset1&#8243; box_shadow_vertical=&#8221;50px&#8221; box_shadow_blur=&#8221;80px&#8221; box_shadow_color=&#8221;rgba(12,2,2,0.1)&#8221; locked=&#8221;off&#8221; global_colors_info=&#8221;{}&#8221; transform_styles__hover_enabled=&#8221;on&#8221; transform_scale__hover=&#8221;106%|106%&#8221; transform_scale__hover_enabled=&#8221;on&#8221; transform_translate__hover_enabled=&#8221;on&#8221; transform_rotate__hover_enabled=&#8221;on&#8221; transform_skew__hover_enabled=&#8221;on&#8221; transform_origin__hover_enabled=&#8221;on&#8221;][\/et_pb_blurb][\/et_pb_column][et_pb_column type=&#8221;1_4&#8243; _builder_version=&#8221;4.16&#8243; global_colors_info=&#8221;{}&#8221;][et_pb_blurb title=&#8221;Teknika Miofasziala&#8221; url=&#8221;https:\/\/ekimenzentroa.com\/teknika-miosfaziala\/?lang=eu&#8221; image=&#8221;https:\/\/ekimenzentroa.com\/wp-content\/uploads\/2019\/10\/Ekimen10.png&#8221; _builder_version=&#8221;4.16&#8243; header_font=&#8221;Roboto||||||||&#8221; header_text_color=&#8221;#000000&#8243; header_font_size=&#8221;20px&#8221; header_line_height=&#8221;1.4em&#8221; body_font=&#8221;Abel||||||||&#8221; body_font_size=&#8221;15px&#8221; background_color=&#8221;#ffffff&#8221; background_color_gradient_direction=&#8221;160deg&#8221; text_orientation=&#8221;center&#8221; custom_margin_phone=&#8221;0px||||false|false&#8221; custom_margin_last_edited=&#8221;off|phone&#8221; custom_padding=&#8221;40px|20px|40px|20px|true|true&#8221; link_option_url=&#8221;https:\/\/ekimenzentroa.com\/teknika-miosfaziala\/?lang=eu&#8221; header_font_size_tablet=&#8221;20px&#8221; header_font_size_phone=&#8221;17px&#8221; header_font_size_last_edited=&#8221;on|phone&#8221; body_line_height_tablet=&#8221;&#8221; body_line_height_phone=&#8221;1.6em&#8221; body_line_height_last_edited=&#8221;on|phone&#8221; box_shadow_style=&#8221;preset1&#8243; box_shadow_vertical=&#8221;50px&#8221; box_shadow_blur=&#8221;80px&#8221; box_shadow_color=&#8221;rgba(12,2,2,0.1)&#8221; locked=&#8221;off&#8221; global_colors_info=&#8221;{}&#8221; transform_styles__hover_enabled=&#8221;on&#8221; transform_scale__hover=&#8221;106%|106%&#8221; transform_scale__hover_enabled=&#8221;on&#8221; transform_translate__hover_enabled=&#8221;on&#8221; transform_rotate__hover_enabled=&#8221;on&#8221; transform_skew__hover_enabled=&#8221;on&#8221; transform_origin__hover_enabled=&#8221;on&#8221;][\/et_pb_blurb][\/et_pb_column][\/et_pb_row][et_pb_row column_structure=&#8221;1_4,1_4,1_4,1_4&#8243; _builder_version=&#8221;4.16&#8243; global_colors_info=&#8221;{}&#8221;][et_pb_column type=&#8221;1_4&#8243; _builder_version=&#8221;4.16&#8243; global_colors_info=&#8221;{}&#8221;][et_pb_blurb title=&#8221;Puntzio Lehorra&#8221; url=&#8221;https:\/\/ekimenzentroa.com\/puntzio-lehorra\/?lang=eu&#8221; image=&#8221;https:\/\/ekimenzentroa.com\/wp-content\/uploads\/2019\/10\/Ekimen11.png&#8221; _builder_version=&#8221;4.16&#8243; header_font=&#8221;Roboto||||||||&#8221; header_text_color=&#8221;#000000&#8243; header_font_size=&#8221;18px&#8221; header_line_height=&#8221;1.4em&#8221; body_font=&#8221;Abel||||||||&#8221; body_font_size=&#8221;15px&#8221; background_color=&#8221;#ffffff&#8221; background_color_gradient_direction=&#8221;160deg&#8221; text_orientation=&#8221;center&#8221; custom_margin_phone=&#8221;0px||||false|false&#8221; custom_margin_last_edited=&#8221;off|phone&#8221; custom_padding=&#8221;40px|20px|40px|20px|true|true&#8221; link_option_url=&#8221;https:\/\/ekimenzentroa.com\/puntzio-lehorra\/?lang=eu&#8221; header_font_size_tablet=&#8221;20px&#8221; header_font_size_phone=&#8221;17px&#8221; header_font_size_last_edited=&#8221;on|phone&#8221; body_line_height_tablet=&#8221;&#8221; body_line_height_phone=&#8221;1.6em&#8221; body_line_height_last_edited=&#8221;on|phone&#8221; box_shadow_style=&#8221;preset1&#8243; box_shadow_vertical=&#8221;50px&#8221; box_shadow_blur=&#8221;80px&#8221; box_shadow_color=&#8221;rgba(12,2,2,0.1)&#8221; locked=&#8221;off&#8221; global_colors_info=&#8221;{}&#8221; transform_styles__hover_enabled=&#8221;on&#8221; transform_scale__hover_enabled=&#8221;on&#8221; transform_translate__hover_enabled=&#8221;on&#8221; transform_rotate__hover_enabled=&#8221;on&#8221; transform_skew__hover_enabled=&#8221;on&#8221; transform_origin__hover_enabled=&#8221;on&#8221; transform_scale__hover=&#8221;106%|106%&#8221;][\/et_pb_blurb][\/et_pb_column][et_pb_column type=&#8221;1_4&#8243; _builder_version=&#8221;4.16&#8243; global_colors_info=&#8221;{}&#8221;][et_pb_blurb title=&#8221;Fisio Pancafit&#8221; url=&#8221;https:\/\/ekimenzentroa.com\/pancafit\/?lang=eu&#8221; image=&#8221;https:\/\/ekimenzentroa.com\/wp-content\/uploads\/2019\/10\/Ekimen12.png&#8221; _builder_version=&#8221;4.16&#8243; header_font=&#8221;Roboto||||||||&#8221; header_text_color=&#8221;#000000&#8243; header_font_size=&#8221;18px&#8221; header_line_height=&#8221;1.4em&#8221; body_font=&#8221;Abel||||||||&#8221; body_font_size=&#8221;15px&#8221; background_color=&#8221;#ffffff&#8221; background_color_gradient_direction=&#8221;160deg&#8221; text_orientation=&#8221;center&#8221; custom_margin_phone=&#8221;0px||||false|false&#8221; custom_margin_last_edited=&#8221;off|phone&#8221; custom_padding=&#8221;40px|20px|40px|20px|true|true&#8221; link_option_url=&#8221;https:\/\/ekimenzentroa.com\/pancafit\/?lang=eu&#8221; header_font_size_tablet=&#8221;20px&#8221; header_font_size_phone=&#8221;17px&#8221; header_font_size_last_edited=&#8221;on|phone&#8221; body_line_height_tablet=&#8221;&#8221; body_line_height_phone=&#8221;1.6em&#8221; body_line_height_last_edited=&#8221;on|phone&#8221; box_shadow_style=&#8221;preset1&#8243; box_shadow_vertical=&#8221;50px&#8221; box_shadow_blur=&#8221;80px&#8221; box_shadow_color=&#8221;rgba(12,2,2,0.1)&#8221; locked=&#8221;off&#8221; global_colors_info=&#8221;{}&#8221; transform_styles__hover_enabled=&#8221;on&#8221; transform_scale__hover=&#8221;106%|106%&#8221; transform_scale__hover_enabled=&#8221;on&#8221; transform_translate__hover_enabled=&#8221;on&#8221; transform_rotate__hover_enabled=&#8221;on&#8221; transform_skew__hover_enabled=&#8221;on&#8221; transform_origin__hover_enabled=&#8221;on&#8221;][\/et_pb_blurb][\/et_pb_column][et_pb_column type=&#8221;1_4&#8243; _builder_version=&#8221;4.16&#8243; global_colors_info=&#8221;{}&#8221;][et_pb_blurb title=&#8221;Biotronic&#8221; url=&#8221;https:\/\/ekimenzentroa.com\/biotronic\/?lang=eu&#8221; image=&#8221;https:\/\/ekimenzentroa.com\/wp-content\/uploads\/2019\/10\/Ekimen13.png&#8221; _builder_version=&#8221;4.16&#8243; header_font=&#8221;Roboto||||||||&#8221; header_text_color=&#8221;#000000&#8243; header_font_size=&#8221;18px&#8221; header_line_height=&#8221;1.4em&#8221; body_font=&#8221;Abel||||||||&#8221; body_font_size=&#8221;15px&#8221; background_color=&#8221;#ffffff&#8221; background_color_gradient_direction=&#8221;160deg&#8221; text_orientation=&#8221;center&#8221; custom_margin_phone=&#8221;0px||||false|false&#8221; custom_margin_last_edited=&#8221;off|phone&#8221; custom_padding=&#8221;40px|20px|40px|20px|true|true&#8221; link_option_url=&#8221;https:\/\/ekimenzentroa.com\/biotronic\/?lang=eu&#8221; header_font_size_tablet=&#8221;20px&#8221; header_font_size_phone=&#8221;17px&#8221; header_font_size_last_edited=&#8221;on|phone&#8221; body_line_height_tablet=&#8221;&#8221; body_line_height_phone=&#8221;1.6em&#8221; body_line_height_last_edited=&#8221;on|phone&#8221; box_shadow_style=&#8221;preset1&#8243; box_shadow_vertical=&#8221;50px&#8221; box_shadow_blur=&#8221;80px&#8221; box_shadow_color=&#8221;rgba(12,2,2,0.1)&#8221; locked=&#8221;off&#8221; global_colors_info=&#8221;{}&#8221; transform_styles__hover_enabled=&#8221;on&#8221; transform_scale__hover=&#8221;106%|106%&#8221; transform_scale__hover_enabled=&#8221;on&#8221; transform_translate__hover_enabled=&#8221;on&#8221; transform_rotate__hover_enabled=&#8221;on&#8221; transform_skew__hover_enabled=&#8221;on&#8221; transform_origin__hover_enabled=&#8221;on&#8221;][\/et_pb_blurb][\/et_pb_column][et_pb_column type=&#8221;1_4&#8243; _builder_version=&#8221;4.16&#8243; global_colors_info=&#8221;{}&#8221;][et_pb_blurb title=&#8221;Nutrizioa&#8221; url=&#8221;https:\/\/ekimenzentroa.com\/pni-nutrizioa\/?lang=eu&#8221; image=&#8221;https:\/\/ekimenzentroa.com\/wp-content\/uploads\/2019\/10\/ekimen5-1.png&#8221; _builder_version=&#8221;4.26.0&#8243; header_font=&#8221;Roboto||||||||&#8221; header_text_color=&#8221;#000000&#8243; header_font_size=&#8221;18px&#8221; header_line_height=&#8221;1.4em&#8221; body_font=&#8221;Abel||||||||&#8221; body_font_size=&#8221;15px&#8221; background_color=&#8221;#ffffff&#8221; background_color_gradient_direction=&#8221;160deg&#8221; text_orientation=&#8221;center&#8221; custom_margin_phone=&#8221;0px||||false|false&#8221; custom_margin_last_edited=&#8221;off|phone&#8221; custom_padding=&#8221;40px|20px|40px|20px|true|true&#8221; link_option_url=&#8221;https:\/\/ekimenzentroa.com\/pni-nutrizioa\/?lang=eu&#8221; hover_enabled=&#8221;0&#8243; header_font_size_tablet=&#8221;20px&#8221; header_font_size_phone=&#8221;17px&#8221; header_font_size_last_edited=&#8221;on|phone&#8221; body_line_height_tablet=&#8221;&#8221; body_line_height_phone=&#8221;1.6em&#8221; body_line_height_last_edited=&#8221;on|phone&#8221; box_shadow_style=&#8221;preset1&#8243; box_shadow_vertical=&#8221;50px&#8221; box_shadow_blur=&#8221;80px&#8221; box_shadow_color=&#8221;rgba(12,2,2,0.1)&#8221; locked=&#8221;off&#8221; global_colors_info=&#8221;{}&#8221; transform_styles__hover_enabled=&#8221;on&#8221; transform_scale__hover=&#8221;106%|106%&#8221; transform_scale__hover_enabled=&#8221;on&#8221; transform_translate__hover_enabled=&#8221;on&#8221; transform_rotate__hover_enabled=&#8221;on&#8221; transform_skew__hover_enabled=&#8221;on&#8221; transform_origin__hover_enabled=&#8221;on&#8221; sticky_enabled=&#8221;0&#8243;][\/et_pb_blurb][\/et_pb_column][\/et_pb_row][\/et_pb_section][et_pb_section fb_built=&#8221;1&#8243; _builder_version=&#8221;4.16&#8243; background_color=&#8221;#0c0c0c&#8221; custom_margin=&#8221;3px|||||&#8221; custom_padding=&#8221;32px||28px|||&#8221; saved_tabs=&#8221;all&#8221; global_colors_info=&#8221;{}&#8221;][et_pb_row column_structure=&#8221;1_4,1_4,1_4,1_4&#8243; _builder_version=&#8221;4.16&#8243; custom_margin=&#8221;-22px|auto||auto||&#8221; custom_padding=&#8221;32px||0px|||&#8221; global_colors_info=&#8221;{}&#8221;][et_pb_column type=&#8221;1_4&#8243; _builder_version=&#8221;4.16&#8243; global_colors_info=&#8221;{}&#8221;][et_pb_image src=&#8221;https:\/\/ekimenzentroa.com\/wp-content\/uploads\/2019\/10\/ekimen-txuria.png&#8221; align=&#8221;center&#8221; _builder_version=&#8221;4.16&#8243; width=&#8221;40%&#8221; global_colors_info=&#8221;{}&#8221;][\/et_pb_image][\/et_pb_column][et_pb_column type=&#8221;1_4&#8243; _builder_version=&#8221;4.16&#8243; global_colors_info=&#8221;{}&#8221;][et_pb_text _builder_version=&#8221;4.16&#8243; text_orientation=&#8221;center&#8221; global_colors_info=&#8221;{}&#8221;]<\/p>\n<p><span style=\"color: #ffffff;\">Ba\u00f1eru Kalea 1<\/span><br \/> <span style=\"color: #ffffff;\"> 20800 Zarautz<\/span><br \/> <span style=\"color: #ffffff;\"> Gipuzkoa<\/span><\/p>\n<p>[\/et_pb_text][\/et_pb_column][et_pb_column type=&#8221;1_4&#8243; _builder_version=&#8221;4.16&#8243; global_colors_info=&#8221;{}&#8221;][et_pb_text _builder_version=&#8221;4.16&#8243; text_orientation=&#8221;center&#8221; global_colors_info=&#8221;{}&#8221;]<\/p>\n<p><span style=\"color: #ffffff;\">943 53 20 12<\/span><br \/> <span style=\"color: #ffffff;\"> 688 75 94 98<\/span><br \/> <span style=\"color: #ffffff;\"> info@ekimenzentroa.com<\/span><\/p>\n<p>[\/et_pb_text][\/et_pb_column][et_pb_column type=&#8221;1_4&#8243; _builder_version=&#8221;4.16&#8243; global_colors_info=&#8221;{}&#8221;][et_pb_text _builder_version=&#8221;4.16&#8243; text_orientation=&#8221;center&#8221; global_colors_info=&#8221;{}&#8221;]<\/p>\n<p><a href=\"https:\/\/ekimenzentroa.com\/avisos-legales\/\"><span style=\"color: #ffffff;\">Avisos Legales<\/span><\/a><br \/> <a href=\"https:\/\/ekimenzentroa.com\/politica-de-cookies\/\"><span style=\"color: #ffffff;\"> Pol\u00edtica de Cookies<\/span><\/a><br \/> <a href=\"https:\/\/ekimenzentroa.com\/politica-de-privacidad\/\"><span style=\"color: #ffffff;\"> Pol\u00edtica de Privacidad<\/span><\/a><\/p>\n<p>[\/et_pb_text][\/et_pb_column][\/et_pb_row][\/et_pb_section]<\/p>\n","protected":false},"excerpt":{"rendered":"<p>TRATAMENDUAKBa\u00f1eru Kalea 1 20800 Zarautz Gipuzkoa943 53 20 12 688 75 94 98 info@ekimenzentroa.comAvisos Legales Pol\u00edtica de Cookies Pol\u00edtica de Privacidad<\/p>\n","protected":false},"author":1,"featured_media":0,"parent":0,"menu_order":0,"comment_status":"closed","ping_status":"closed","template":"","meta":{"_et_pb_use_builder":"on","_et_pb_old_content":"","_et_gb_content_width":"","_monsterinsights_skip_tracking":false,"_monsterinsights_sitenote_active":false,"_monsterinsights_sitenote_note":"","_monsterinsights_sitenote_category":0,"footnotes":""},"class_list":["post-2321","page","type-page","status-publish","hentry"],"yoast_head":"<!-- This site is optimized with the Yoast SEO plugin v27.5 - https:\/\/yoast.com\/product\/yoast-seo-wordpress\/ -->\n<title>Tratamenduak | Ekimen Zentroa | Zarautz<\/title>\n<meta name=\"robots\" content=\"index, follow, max-snippet:-1, max-image-preview:large, max-video-preview:-1\" \/>\n<link rel=\"canonical\" href=\"https:\/\/ekimenzentroa.com\/tratamientos\/\" \/>\n<meta property=\"og:locale\" content=\"eu_ES\" \/>\n<meta property=\"og:type\" content=\"article\" \/>\n<meta property=\"og:title\" content=\"Tratamenduak | Ekimen Zentroa | Zarautz\" \/>\n<meta property=\"og:url\" content=\"https:\/\/ekimenzentroa.com\/tratamientos\/\" \/>\n<meta property=\"og:site_name\" content=\"Ekimen Zentroa\" \/>\n<meta property=\"article:modified_time\" content=\"2024-07-05T10:11:16+00:00\" \/>\n<meta property=\"og:image\" content=\"https:\/\/ekimenzentroa.com\/wp-content\/uploads\/2025\/09\/EkimenZentroa.png\" \/>\n\t<meta property=\"og:image:width\" content=\"1200\" \/>\n\t<meta property=\"og:image:height\" content=\"675\" \/>\n\t<meta property=\"og:image:type\" content=\"image\/png\" \/>\n<meta name=\"twitter:card\" content=\"summary_large_image\" \/>\n<meta name=\"twitter:label1\" content=\"Est. reading time\" \/>\n\t<meta name=\"twitter:data1\" content=\"9 minutes\" \/>\n<script type=\"application\/ld+json\" class=\"yoast-schema-graph\">{\"@context\":\"https:\\\/\\\/schema.org\",\"@graph\":[{\"@type\":\"WebPage\",\"@id\":\"https:\\\/\\\/ekimenzentroa.com\\\/tratamientos\\\/\",\"url\":\"https:\\\/\\\/ekimenzentroa.com\\\/tratamientos\\\/\",\"name\":\"Tratamenduak | Ekimen Zentroa | Zarautz\",\"isPartOf\":{\"@id\":\"https:\\\/\\\/ekimenzentroa.com\\\/#website\"},\"datePublished\":\"2019-08-01T11:26:17+00:00\",\"dateModified\":\"2024-07-05T10:11:16+00:00\",\"breadcrumb\":{\"@id\":\"https:\\\/\\\/ekimenzentroa.com\\\/tratamientos\\\/#breadcrumb\"},\"inLanguage\":\"eu-ES\",\"potentialAction\":[{\"@type\":\"ReadAction\",\"target\":[\"https:\\\/\\\/ekimenzentroa.com\\\/tratamientos\\\/\"]}]},{\"@type\":\"BreadcrumbList\",\"@id\":\"https:\\\/\\\/ekimenzentroa.com\\\/tratamientos\\\/#breadcrumb\",\"itemListElement\":[{\"@type\":\"ListItem\",\"position\":1,\"name\":\"Portada\",\"item\":\"https:\\\/\\\/ekimenzentroa.com\\\/eu\\\/\"},{\"@type\":\"ListItem\",\"position\":2,\"name\":\"Tratamenduak\"}]},{\"@type\":\"WebSite\",\"@id\":\"https:\\\/\\\/ekimenzentroa.com\\\/#website\",\"url\":\"https:\\\/\\\/ekimenzentroa.com\\\/\",\"name\":\"Ekimen Zentroa\",\"description\":\"Fisioterapia, Osteopata y asesor\u00eda nutricional y del deporte\",\"publisher\":{\"@id\":\"https:\\\/\\\/ekimenzentroa.com\\\/#organization\"},\"potentialAction\":[{\"@type\":\"SearchAction\",\"target\":{\"@type\":\"EntryPoint\",\"urlTemplate\":\"https:\\\/\\\/ekimenzentroa.com\\\/?s={search_term_string}\"},\"query-input\":{\"@type\":\"PropertyValueSpecification\",\"valueRequired\":true,\"valueName\":\"search_term_string\"}}],\"inLanguage\":\"eu-ES\"},{\"@type\":\"Organization\",\"@id\":\"https:\\\/\\\/ekimenzentroa.com\\\/#organization\",\"name\":\"Ekimen Zentroa\",\"url\":\"https:\\\/\\\/ekimenzentroa.com\\\/\",\"logo\":{\"@type\":\"ImageObject\",\"inLanguage\":\"eu-ES\",\"@id\":\"https:\\\/\\\/ekimenzentroa.com\\\/#\\\/schema\\\/logo\\\/image\\\/\",\"url\":\"https:\\\/\\\/ekimenzentroa.com\\\/wp-content\\\/uploads\\\/2025\\\/09\\\/EkimenZentroa_696x696.png\",\"contentUrl\":\"https:\\\/\\\/ekimenzentroa.com\\\/wp-content\\\/uploads\\\/2025\\\/09\\\/EkimenZentroa_696x696.png\",\"width\":696,\"height\":696,\"caption\":\"Ekimen Zentroa\"},\"image\":{\"@id\":\"https:\\\/\\\/ekimenzentroa.com\\\/#\\\/schema\\\/logo\\\/image\\\/\"},\"sameAs\":[\"https:\\\/\\\/www.instagram.com\\\/ekimenzentroa\"]}]}<\/script>\n<!-- \/ Yoast SEO plugin. -->","yoast_head_json":{"title":"Tratamenduak | Ekimen Zentroa | Zarautz","robots":{"index":"index","follow":"follow","max-snippet":"max-snippet:-1","max-image-preview":"max-image-preview:large","max-video-preview":"max-video-preview:-1"},"canonical":"https:\/\/ekimenzentroa.com\/tratamientos\/","og_locale":"eu_ES","og_type":"article","og_title":"Tratamenduak | Ekimen Zentroa | Zarautz","og_url":"https:\/\/ekimenzentroa.com\/tratamientos\/","og_site_name":"Ekimen Zentroa","article_modified_time":"2024-07-05T10:11:16+00:00","og_image":[{"width":1200,"height":675,"url":"https:\/\/ekimenzentroa.com\/wp-content\/uploads\/2025\/09\/EkimenZentroa.png","type":"image\/png"}],"twitter_card":"summary_large_image","twitter_misc":{"Est. reading time":"9 minutes"},"schema":{"@context":"https:\/\/schema.org","@graph":[{"@type":"WebPage","@id":"https:\/\/ekimenzentroa.com\/tratamientos\/","url":"https:\/\/ekimenzentroa.com\/tratamientos\/","name":"Tratamenduak | Ekimen Zentroa | Zarautz","isPartOf":{"@id":"https:\/\/ekimenzentroa.com\/#website"},"datePublished":"2019-08-01T11:26:17+00:00","dateModified":"2024-07-05T10:11:16+00:00","breadcrumb":{"@id":"https:\/\/ekimenzentroa.com\/tratamientos\/#breadcrumb"},"inLanguage":"eu-ES","potentialAction":[{"@type":"ReadAction","target":["https:\/\/ekimenzentroa.com\/tratamientos\/"]}]},{"@type":"BreadcrumbList","@id":"https:\/\/ekimenzentroa.com\/tratamientos\/#breadcrumb","itemListElement":[{"@type":"ListItem","position":1,"name":"Portada","item":"https:\/\/ekimenzentroa.com\/eu\/"},{"@type":"ListItem","position":2,"name":"Tratamenduak"}]},{"@type":"WebSite","@id":"https:\/\/ekimenzentroa.com\/#website","url":"https:\/\/ekimenzentroa.com\/","name":"Ekimen Zentroa","description":"Fisioterapia, Osteopata y asesor\u00eda nutricional y del deporte","publisher":{"@id":"https:\/\/ekimenzentroa.com\/#organization"},"potentialAction":[{"@type":"SearchAction","target":{"@type":"EntryPoint","urlTemplate":"https:\/\/ekimenzentroa.com\/?s={search_term_string}"},"query-input":{"@type":"PropertyValueSpecification","valueRequired":true,"valueName":"search_term_string"}}],"inLanguage":"eu-ES"},{"@type":"Organization","@id":"https:\/\/ekimenzentroa.com\/#organization","name":"Ekimen Zentroa","url":"https:\/\/ekimenzentroa.com\/","logo":{"@type":"ImageObject","inLanguage":"eu-ES","@id":"https:\/\/ekimenzentroa.com\/#\/schema\/logo\/image\/","url":"https:\/\/ekimenzentroa.com\/wp-content\/uploads\/2025\/09\/EkimenZentroa_696x696.png","contentUrl":"https:\/\/ekimenzentroa.com\/wp-content\/uploads\/2025\/09\/EkimenZentroa_696x696.png","width":696,"height":696,"caption":"Ekimen Zentroa"},"image":{"@id":"https:\/\/ekimenzentroa.com\/#\/schema\/logo\/image\/"},"sameAs":["https:\/\/www.instagram.com\/ekimenzentroa"]}]}},"_links":{"self":[{"href":"https:\/\/ekimenzentroa.com\/eu\/wp-json\/wp\/v2\/pages\/2321","targetHints":{"allow":["GET"]}}],"collection":[{"href":"https:\/\/ekimenzentroa.com\/eu\/wp-json\/wp\/v2\/pages"}],"about":[{"href":"https:\/\/ekimenzentroa.com\/eu\/wp-json\/wp\/v2\/types\/page"}],"author":[{"embeddable":true,"href":"https:\/\/ekimenzentroa.com\/eu\/wp-json\/wp\/v2\/users\/1"}],"replies":[{"embeddable":true,"href":"https:\/\/ekimenzentroa.com\/eu\/wp-json\/wp\/v2\/comments?post=2321"}],"version-history":[{"count":8,"href":"https:\/\/ekimenzentroa.com\/eu\/wp-json\/wp\/v2\/pages\/2321\/revisions"}],"predecessor-version":[{"id":3233,"href":"https:\/\/ekimenzentroa.com\/eu\/wp-json\/wp\/v2\/pages\/2321\/revisions\/3233"}],"wp:attachment":[{"href":"https:\/\/ekimenzentroa.com\/eu\/wp-json\/wp\/v2\/media?parent=2321"}],"curies":[{"name":"wp","href":"https:\/\/api.w.org\/{rel}","templated":true}]}}